{"id":163,"date":"2022-10-18T12:19:57","date_gmt":"2022-10-18T12:19:57","guid":{"rendered":"https:\/\/future.nosm.ca\/home\/"},"modified":"2023-08-22T14:12:06","modified_gmt":"2023-08-22T14:12:06","slug":"home","status":"publish","type":"page","link":"https:\/\/future.nosm.ca\/fr\/","title":{"rendered":"Home"},"content":{"rendered":"<p>[et_pb_section fb_built=\u00a0\u00bb1&Prime; _builder_version=\u00a0\u00bb4.18.0&Prime; _module_preset=\u00a0\u00bbdefault\u00a0\u00bb background_image=\u00a0\u00bbhttps:\/\/future.nosm.ca\/wp-content\/uploads\/2022\/10\/Background_Wide.jpg\u00a0\u00bb module_alignment=\u00a0\u00bbcenter\u00a0\u00bb custom_margin=\u00a0\u00bb0px||0px||true|false\u00a0\u00bb custom_padding=\u00a0\u00bb||||true|false\u00a0\u00bb animation_style=\u00a0\u00bbfade\u00a0\u00bb animation_duration=\u00a0\u00bb600ms\u00a0\u00bb animation_delay=\u00a0\u00bb100ms\u00a0\u00bb global_colors_info=\u00a0\u00bb{}\u00a0\u00bb][et_pb_row _builder_version=\u00a0\u00bb4.18.0&Prime; _module_preset=\u00a0\u00bbdefault\u00a0\u00bb global_colors_info=\u00a0\u00bb{}\u00a0\u00bb][et_pb_column type=\u00a0\u00bb4_4&Prime; _builder_version=\u00a0\u00bb4.18.0&Prime; _module_preset=\u00a0\u00bbdefault\u00a0\u00bb global_colors_info=\u00a0\u00bb{}\u00a0\u00bb][et_pb_text _builder_version=\u00a0\u00bb4.18.0&Prime; _module_preset=\u00a0\u00bbdefault\u00a0\u00bb header_font=\u00a0\u00bbDM Sans||||||||\u00a0\u00bb header_text_align=\u00a0\u00bbcenter\u00a0\u00bb header_text_color=\u00a0\u00bb#FFFFFF\u00a0\u00bb header_font_size=\u00a0\u00bb76px\u00a0\u00bb header_letter_spacing=\u00a0\u00bb-2px\u00a0\u00bb header_line_height=\u00a0\u00bb0.9em\u00a0\u00bb custom_margin=\u00a0\u00bb0px||0px||false|false\u00a0\u00bb custom_padding=\u00a0\u00bb2%||2%||true|false\u00a0\u00bb animation_style=\u00a0\u00bbfade\u00a0\u00bb animation_delay=\u00a0\u00bb1300ms\u00a0\u00bb header_font_size_tablet=\u00a0\u00bb76px\u00a0\u00bb header_font_size_phone=\u00a0\u00bb53px\u00a0\u00bb header_font_size_last_edited=\u00a0\u00bbon|desktop\u00a0\u00bb header_text_shadow_style=\u00a0\u00bbpreset1&Prime; global_colors_info=\u00a0\u00bb{}\u00a0\u00bb]<\/p>\n<h1 style=\"text-align: center\">L\u2019avenir<br \/>est pr\u00eat \u00e0 vous recevoir<\/h1>\n<p>[\/et_pb_text][et_pb_button button_url=\u00a0\u00bbhttps:\/\/future.nosm.ca\/fr\/je-suis-prete-a-faire-un-don\/\u00a0\u00bb button_text=\u00a0\u00bbJE SUIS PR\u00caT(E) \u00c0 FAIRE UN DON\u00a0\u00bb button_alignment=\u00a0\u00bbcenter\u00a0\u00bb _builder_version=\u00a0\u00bb4.18.0&Prime; _module_preset=\u00a0\u00bbdefault\u00a0\u00bb custom_button=\u00a0\u00bbon\u00a0\u00bb button_text_size=\u00a0\u00bb24px\u00a0\u00bb button_text_color=\u00a0\u00bb#ffffff\u00a0\u00bb button_bg_color=\u00a0\u00bb#0aa0aa\u00a0\u00bb button_border_radius=\u00a0\u00bb30px\u00a0\u00bb button_font=\u00a0\u00bb|700|||||||\u00a0\u00bb global_colors_info=\u00a0\u00bb{}\u00a0\u00bb][\/et_pb_button][\/et_pb_column][\/et_pb_row][\/et_pb_section][et_pb_section fb_built=\u00a0\u00bb1&Prime; admin_label=\u00a0\u00bbSection One &#8211; Text\u00a0\u00bb _builder_version=\u00a0\u00bb4.18.0&Prime; _module_preset=\u00a0\u00bbdefault\u00a0\u00bb global_colors_info=\u00a0\u00bb{}\u00a0\u00bb][et_pb_row _builder_version=\u00a0\u00bb4.18.0&Prime; _module_preset=\u00a0\u00bbdefault\u00a0\u00bb custom_padding=\u00a0\u00bb|5%||5%|false|true\u00a0\u00bb global_colors_info=\u00a0\u00bb{}\u00a0\u00bb][et_pb_column type=\u00a0\u00bb4_4&Prime; _builder_version=\u00a0\u00bb4.18.0&Prime; _module_preset=\u00a0\u00bbdefault\u00a0\u00bb global_colors_info=\u00a0\u00bb{}\u00a0\u00bb][et_pb_text _builder_version=\u00a0\u00bb4.18.0&Prime; _module_preset=\u00a0\u00bbdefault\u00a0\u00bb text_text_color_tablet=\u00a0\u00bb\u00a0\u00bb text_text_color_phone=\u00a0\u00bb\u00a0\u00bb text_text_color_last_edited=\u00a0\u00bbon|desktop\u00a0\u00bb header_font_size_tablet=\u00a0\u00bb\u00a0\u00bb header_font_size_phone=\u00a0\u00bb30px\u00a0\u00bb header_font_size_last_edited=\u00a0\u00bbon|desktop\u00a0\u00bb global_colors_info=\u00a0\u00bb{}\u00a0\u00bb]<\/p>\n<h1 style=\"text-align: center\">Une crise des soins de sant\u00e9 s\u00e9vit dans le Nord de l&rsquo;Ontario.<\/h1>\n<p>La population du Nord de l&rsquo;Ontario, environ 800 000 \u00e2mes, a besoin en ce moment de plus de 350 m\u00e9decins pour r\u00e9gler des p\u00e9nuries imm\u00e9diate. C\u2019est difficile \u00e0 imaginer, mais statistiquement, les gens du Nord vivent moins longtemps et sont en moins bonne sant\u00e9 que ceux du Sud.<\/p>\n<p>L\u2019Universit\u00e9 de l&rsquo;EMNO, la toute premi\u00e8re universit\u00e9 autonome de m\u00e9decine du Canada, fait tout ce qu\u2019elle peut pour aider \u00e0 d\u00e9p\u00eacher des m\u00e9decins l\u00e0 o\u00f9 le besoin est le plus grand.<\/p>\n<p>[\/et_pb_text][et_pb_slider arrows_custom_color=\u00a0\u00bb#000000&Prime; dot_nav_custom_color=\u00a0\u00bb#000000&Prime; _builder_version=\u00a0\u00bb4.18.0&Prime; _module_preset=\u00a0\u00bbdefault\u00a0\u00bb global_colors_info=\u00a0\u00bb{}\u00a0\u00bb][et_pb_slide heading=\u00a0\u00bbL\u2019avenir est pr\u00eat \u00e0 vous recevoir\u00a0\u00bb button_text=\u00a0\u00bbJE SUIS PR\u00caT(E) \u00c0 FAIRE UN DON\u00a0\u00bb use_bg_overlay=\u00a0\u00bboff\u00a0\u00bb use_text_overlay=\u00a0\u00bboff\u00a0\u00bb _builder_version=\u00a0\u00bb4.18.0&Prime; _module_preset=\u00a0\u00bbdefault\u00a0\u00bb header_level=\u00a0\u00bbh2&Prime; header_font=\u00a0\u00bbDM Sans||||||||\u00a0\u00bb background_color=\u00a0\u00bbRGBA(255,255,255,0)\u00a0\u00bb background_enable_color=\u00a0\u00bbon\u00a0\u00bb background_image=\u00a0\u00bbhttps:\/\/future.nosm.ca\/wp-content\/uploads\/2022\/10\/New_Concept_v2-copy.png\u00a0\u00bb background_enable_image=\u00a0\u00bbon\u00a0\u00bb custom_button=\u00a0\u00bbon\u00a0\u00bb button_text_color=\u00a0\u00bb#FFFFFF\u00a0\u00bb button_bg_color=\u00a0\u00bb#0aa0aa\u00a0\u00bb button_border_radius=\u00a0\u00bb26px\u00a0\u00bb button_font=\u00a0\u00bb|700|||||||\u00a0\u00bb custom_padding=\u00a0\u00bb60%||||false|false\u00a0\u00bb header_text_shadow_style=\u00a0\u00bbpreset1&Prime; box_shadow_style_button=\u00a0\u00bbpreset1&Prime; global_colors_info=\u00a0\u00bb{}\u00a0\u00bb sticky_transition=\u00a0\u00bbon\u00a0\u00bb][\/et_pb_slide][et_pb_slide heading=\u00a0\u00bbL\u2019avenir est pr\u00eat \u00e0 vous recevoir\u00a0\u00bb button_text=\u00a0\u00bbJE SUIS PR\u00caT(E) \u00c0 FAIRE UN DON\u00a0\u00bb use_bg_overlay=\u00a0\u00bboff\u00a0\u00bb use_text_overlay=\u00a0\u00bboff\u00a0\u00bb _builder_version=\u00a0\u00bb4.18.0&Prime; _module_preset=\u00a0\u00bbdefault\u00a0\u00bb header_level=\u00a0\u00bbh2&Prime; header_font=\u00a0\u00bbDM Sans||||||||\u00a0\u00bb background_color=\u00a0\u00bbRGBA(255,255,255,0)\u00a0\u00bb background_enable_color=\u00a0\u00bbon\u00a0\u00bb background_image=\u00a0\u00bbhttps:\/\/future.nosm.ca\/wp-content\/uploads\/2022\/10\/New_Concept_3-copy.png\u00a0\u00bb background_enable_image=\u00a0\u00bbon\u00a0\u00bb custom_button=\u00a0\u00bbon\u00a0\u00bb button_text_color=\u00a0\u00bb#FFFFFF\u00a0\u00bb button_bg_color=\u00a0\u00bb#0aa0aa\u00a0\u00bb button_border_radius=\u00a0\u00bb26px\u00a0\u00bb button_font=\u00a0\u00bb|700|||||||\u00a0\u00bb custom_padding=\u00a0\u00bb60%||||false|false\u00a0\u00bb header_text_shadow_style=\u00a0\u00bbpreset1&Prime; box_shadow_style_button=\u00a0\u00bbpreset1&Prime; global_colors_info=\u00a0\u00bb{}\u00a0\u00bb sticky_transition=\u00a0\u00bbon\u00a0\u00bb][\/et_pb_slide][et_pb_slide heading=\u00a0\u00bbL\u2019avenir est pr\u00eat \u00e0 vous recevoir\u00a0\u00bb button_text=\u00a0\u00bbJE SUIS PR\u00caT(E) \u00c0 FAIRE UN DON\u00a0\u00bb use_bg_overlay=\u00a0\u00bboff\u00a0\u00bb use_text_overlay=\u00a0\u00bboff\u00a0\u00bb _builder_version=\u00a0\u00bb4.18.0&Prime; _module_preset=\u00a0\u00bbdefault\u00a0\u00bb header_level=\u00a0\u00bbh2&Prime; header_font=\u00a0\u00bbDM Sans||||||||\u00a0\u00bb background_color=\u00a0\u00bbRGBA(255,255,255,0)\u00a0\u00bb background_enable_color=\u00a0\u00bbon\u00a0\u00bb background_image=\u00a0\u00bbhttps:\/\/future.nosm.ca\/wp-content\/uploads\/2022\/10\/New_Concept_2ALPHA-copy.png\u00a0\u00bb background_enable_image=\u00a0\u00bbon\u00a0\u00bb custom_button=\u00a0\u00bbon\u00a0\u00bb button_text_color=\u00a0\u00bb#FFFFFF\u00a0\u00bb button_bg_color=\u00a0\u00bb#0aa0aa\u00a0\u00bb button_border_radius=\u00a0\u00bb26px\u00a0\u00bb button_font=\u00a0\u00bb|700|||||||\u00a0\u00bb custom_padding=\u00a0\u00bb60%||||false|false\u00a0\u00bb header_text_shadow_style=\u00a0\u00bbpreset1&Prime; box_shadow_style_button=\u00a0\u00bbpreset1&Prime; global_colors_info=\u00a0\u00bb{}\u00a0\u00bb sticky_transition=\u00a0\u00bbon\u00a0\u00bb][\/et_pb_slide][\/et_pb_slider][\/et_pb_column][\/et_pb_row][\/et_pb_section][et_pb_section fb_built=\u00a0\u00bb1&Prime; admin_label=\u00a0\u00bbSection Two \u2014 Text\u00a0\u00bb _builder_version=\u00a0\u00bb4.18.0&Prime; _module_preset=\u00a0\u00bbdefault\u00a0\u00bb background_color=\u00a0\u00bb#f7f7f7&Prime; global_colors_info=\u00a0\u00bb{}\u00a0\u00bb][et_pb_row _builder_version=\u00a0\u00bb4.18.0&Prime; _module_preset=\u00a0\u00bbdefault\u00a0\u00bb custom_padding=\u00a0\u00bb|5%||5%|false|true\u00a0\u00bb global_colors_info=\u00a0\u00bb{}\u00a0\u00bb][et_pb_column type=\u00a0\u00bb4_4&Prime; _builder_version=\u00a0\u00bb4.18.0&Prime; _module_preset=\u00a0\u00bbdefault\u00a0\u00bb global_colors_info=\u00a0\u00bb{}\u00a0\u00bb][et_pb_text _builder_version=\u00a0\u00bb4.18.0&Prime; _module_preset=\u00a0\u00bbdefault\u00a0\u00bb header_font_size_tablet=\u00a0\u00bb\u00a0\u00bb header_font_size_phone=\u00a0\u00bb32px\u00a0\u00bb header_font_size_last_edited=\u00a0\u00bbon|phone\u00a0\u00bb global_colors_info=\u00a0\u00bb{}\u00a0\u00bb]<\/p>\n<h1 style=\"text-align: center\">L\u2019Universit\u00e9 de l&rsquo;EMNO a un plan. <br \/>Elle a besoin de votre aide.<\/h1>\n<p>Nous devons all\u00e9ger le fardeau des droits de scolarit\u00e9 et mettre la population \u00e9tudiante du Nord sur un pied d\u2019\u00e9galit\u00e9.<\/p>\n<p>\u00c0 la fin de ses \u00e9tudes, notre population \u00e9tudiante est deux fois plus endett\u00e9e que celle des autres \u00e9coles de m\u00e9decine du Canada. Ce n\u2019est pas parce que nous co\u00fbtons plus cher, c\u2019est parce que nous recrutons dans le Nord, pour le Nord et que typiquement, les gens de la r\u00e9gion ne disposent pas des m\u00eames moyens financiers et sociaux que ceux du Sud.<\/p>\n<p>Ensemble, nous recueillerons les 50 premiers millions de dollars pour le Fonds de dotation \u00e9tudiante de l&rsquo;Universit\u00e9 de l&rsquo;EMNO.<\/p>\n<p>[\/et_pb_text][et_pb_button button_url=\u00a0\u00bbhttps:\/\/future.nosm.ca\/fr\/je-suis-prete-a-faire-un-don\/\u00a0\u00bb button_text=\u00a0\u00bbCOMPTEZ SUR MOI\u00a0\u00bb button_alignment=\u00a0\u00bbcenter\u00a0\u00bb _builder_version=\u00a0\u00bb4.18.0&Prime; _module_preset=\u00a0\u00bbdefault\u00a0\u00bb custom_button=\u00a0\u00bbon\u00a0\u00bb button_text_size=\u00a0\u00bb24px\u00a0\u00bb button_text_color=\u00a0\u00bb#ffffff\u00a0\u00bb button_bg_color=\u00a0\u00bb#0aa0aa\u00a0\u00bb button_border_radius=\u00a0\u00bb30px\u00a0\u00bb button_font=\u00a0\u00bb|700|||||||\u00a0\u00bb global_colors_info=\u00a0\u00bb{}\u00a0\u00bb][\/et_pb_button][\/et_pb_column][\/et_pb_row][\/et_pb_section][et_pb_section fb_built=\u00a0\u00bb1&Prime; admin_label=\u00a0\u00bbSection Three \u2014 Text\u00a0\u00bb _builder_version=\u00a0\u00bb4.18.0&Prime; _module_preset=\u00a0\u00bbdefault\u00a0\u00bb use_background_color_gradient=\u00a0\u00bbon\u00a0\u00bb background_color_gradient_type=\u00a0\u00bbelliptical\u00a0\u00bb background_color_gradient_stops=\u00a0\u00bb#2b87da 0%|#0aa0aa 100%\u00a0\u00bb global_colors_info=\u00a0\u00bb{}\u00a0\u00bb][et_pb_row _builder_version=\u00a0\u00bb4.18.0&Prime; _module_preset=\u00a0\u00bbdefault\u00a0\u00bb custom_padding=\u00a0\u00bb|5%||5%|false|true\u00a0\u00bb global_colors_info=\u00a0\u00bb{}\u00a0\u00bb][et_pb_column type=\u00a0\u00bb4_4&Prime; _builder_version=\u00a0\u00bb4.18.0&Prime; _module_preset=\u00a0\u00bbdefault\u00a0\u00bb global_colors_info=\u00a0\u00bb{}\u00a0\u00bb][et_pb_text _builder_version=\u00a0\u00bb4.18.0&Prime; _module_preset=\u00a0\u00bbdefault\u00a0\u00bb text_font=\u00a0\u00bb|600|||||||\u00a0\u00bb text_text_color=\u00a0\u00bb#FFFFFF\u00a0\u00bb header_text_color=\u00a0\u00bb#FFFFFF\u00a0\u00bb header_font_size_tablet=\u00a0\u00bb\u00a0\u00bb header_font_size_phone=\u00a0\u00bb32px\u00a0\u00bb header_font_size_last_edited=\u00a0\u00bbon|phone\u00a0\u00bb global_colors_info=\u00a0\u00bb{}\u00a0\u00bb]<\/p>\n<h1 class=\"p1\" style=\"text-align: center\">L\u2019aide qu\u2019apporte votre don.<\/h1>\n<p class=\"p2\">Lorsque vous faites un don \u00e0 l&rsquo;Universit\u00e9 de l&rsquo;EMNO, vous :<\/p>\n<ul class=\"ul1\">\n<li class=\"li4\">dites \u00e0 800 000 Ontariennes et Ontariens que leur sant\u00e9 compte;<\/li>\n<li class=\"li4\">pr\u00f4nez l\u2019\u00e9quit\u00e9 en sant\u00e9 pour les Autochtones et les francophones;<\/li>\n<li class=\"li4\">\u00e9paulez de futurs professionnelles et professionnels de la sant\u00e9 qui resteront probablement dans le Nord;<\/li>\n<li class=\"li4\">investissez dans une universit\u00e9 sans but lucratif qui ne fait pas d\u2019exc\u00e8s et est financi\u00e8rement responsable;<\/li>\n<li class=\"li4\">\u00e9tablissez une dotation qui profitera \u00e0 perp\u00e9tuit\u00e9 \u00e0 la population \u00e9tudiante;<\/li>\n<li class=\"li4\">appuyez une universit\u00e9 de m\u00e9decine et de recherche de calibre mondial;<\/li>\n<li class=\"li4\">\u00eates au premier rang des personnes qui \u0153uvrent pour la justice en mati\u00e8re de sant\u00e9 dans le Nord de l&rsquo;Ontario.<\/li>\n<\/ul>\n<p>[\/et_pb_text][\/et_pb_column][\/et_pb_row][\/et_pb_section][et_pb_section fb_built=\u00a0\u00bb1&Prime; admin_label=\u00a0\u00bbSection Five \u2014 Text\u00a0\u00bb _builder_version=\u00a0\u00bb4.18.0&Prime; _module_preset=\u00a0\u00bbdefault\u00a0\u00bb global_colors_info=\u00a0\u00bb{}\u00a0\u00bb][et_pb_row _builder_version=\u00a0\u00bb4.18.0&Prime; _module_preset=\u00a0\u00bbdefault\u00a0\u00bb custom_padding=\u00a0\u00bb|5%||5%|false|true\u00a0\u00bb global_colors_info=\u00a0\u00bb{}\u00a0\u00bb][et_pb_column type=\u00a0\u00bb4_4&Prime; _builder_version=\u00a0\u00bb4.18.0&Prime; _module_preset=\u00a0\u00bbdefault\u00a0\u00bb global_colors_info=\u00a0\u00bb{}\u00a0\u00bb][et_pb_text _builder_version=\u00a0\u00bb4.18.0&Prime; _module_preset=\u00a0\u00bbdefault\u00a0\u00bb header_font_size_tablet=\u00a0\u00bb\u00a0\u00bb header_font_size_phone=\u00a0\u00bb32px\u00a0\u00bb header_font_size_last_edited=\u00a0\u00bbon|phone\u00a0\u00bb global_colors_info=\u00a0\u00bb{}\u00a0\u00bb]<\/p>\n<h1 class=\"p1\" style=\"text-align: center\">Cela vous concerne.<\/h1>\n<p class=\"p3\">Peu importe o\u00f9 vous r\u00e9sidez, vous m\u00e9ritez la dignit\u00e9 d\u2019avoir acc\u00e8s \u00e0 des soins de sant\u00e9 respectueux<span class=\"Apple-converted-space\">  <\/span>de la culture prodigu\u00e9s par une personne qui comprend vos circonstances uniques, ce qui inclut des gens qui vivent dans le Nord.<\/p>\n<p class=\"p3\">C\u2019est ici que nous entrons en sc\u00e8ne.<\/p>\n<p class=\"p3\">L\u2019Universit\u00e9 de l&rsquo;EMNO et plus de 90 communaut\u00e9s partenaires ont cr\u00e9\u00e9 des possibilit\u00e9s d\u2019apprentissage et des partenariats novateurs sur mesure con\u00e7us pour combler des lacunes particuli\u00e8res dans les r\u00e9gions rurales, autochtones, francophones et insuffisamment desservies du Nord.<\/p>\n<p>[\/et_pb_text][et_pb_button button_url=\u00a0\u00bbhttps:\/\/future.nosm.ca\/fr\/je-suis-prete-a-faire-un-don\/\u00a0\u00bb button_text=\u00a0\u00bbJE VEUX FAIRE UNE DIFF\u00c9RENCE.\u00a0\u00bb button_alignment=\u00a0\u00bbcenter\u00a0\u00bb _builder_version=\u00a0\u00bb4.18.0&Prime; _module_preset=\u00a0\u00bbdefault\u00a0\u00bb custom_button=\u00a0\u00bbon\u00a0\u00bb button_text_size=\u00a0\u00bb24px\u00a0\u00bb button_text_color=\u00a0\u00bb#ffffff\u00a0\u00bb button_bg_color=\u00a0\u00bb#0aa0aa\u00a0\u00bb button_border_radius=\u00a0\u00bb30px\u00a0\u00bb button_font=\u00a0\u00bb|700|||||||\u00a0\u00bb global_colors_info=\u00a0\u00bb{}\u00a0\u00bb][\/et_pb_button][\/et_pb_column][\/et_pb_row][\/et_pb_section][et_pb_section fb_built=\u00a0\u00bb1&Prime; admin_label=\u00a0\u00bbSection Five \u2014 Text\u00a0\u00bb _builder_version=\u00a0\u00bb4.18.0&Prime; _module_preset=\u00a0\u00bbdefault\u00a0\u00bb background_color=\u00a0\u00bb#FFFFFF\u00a0\u00bb use_background_color_gradient=\u00a0\u00bbon\u00a0\u00bb background_color_gradient_stops=\u00a0\u00bbrgba(10,160,170,0.11) 0%|#ffffff 100%\u00a0\u00bb global_colors_info=\u00a0\u00bb{}\u00a0\u00bb][et_pb_row _builder_version=\u00a0\u00bb4.18.0&Prime; _module_preset=\u00a0\u00bbdefault\u00a0\u00bb custom_padding=\u00a0\u00bb|5%||5%|false|true\u00a0\u00bb global_colors_info=\u00a0\u00bb{}\u00a0\u00bb][et_pb_column type=\u00a0\u00bb4_4&Prime; _builder_version=\u00a0\u00bb4.18.0&Prime; _module_preset=\u00a0\u00bbdefault\u00a0\u00bb global_colors_info=\u00a0\u00bb{}\u00a0\u00bb][et_pb_text _builder_version=\u00a0\u00bb4.18.0&Prime; _module_preset=\u00a0\u00bbdefault\u00a0\u00bb header_font_size_tablet=\u00a0\u00bb\u00a0\u00bb header_font_size_phone=\u00a0\u00bb32px\u00a0\u00bb header_font_size_last_edited=\u00a0\u00bbon|phone\u00a0\u00bb global_colors_info=\u00a0\u00bb{}\u00a0\u00bb]<\/p>\n<h1 class=\"p1\" style=\"text-align: center\">L\u2019avenir des soins de sant\u00e9 dans le Nord<br \/>sera ce que nous le faisons.<\/h1>\n<p>[\/et_pb_text][et_pb_text _builder_version=\u00a0\u00bb4.18.0&Prime; _module_preset=\u00a0\u00bbdefault\u00a0\u00bb header_2_text_color=\u00a0\u00bb#0aa0aa\u00a0\u00bb global_colors_info=\u00a0\u00bb{}\u00a0\u00bb]<\/p>\n<h2 style=\"text-align: center\"><strong>Questions fr\u00e9quentes<\/strong><\/h2>\n<p>[\/et_pb_text][et_pb_accordion _builder_version=\u00a0\u00bb4.18.0&Prime; _module_preset=\u00a0\u00bbdefault\u00a0\u00bb global_colors_info=\u00a0\u00bb{}\u00a0\u00bb][et_pb_accordion_item title=\u00a0\u00bbQ. : Que faites-vous diff\u00e9remment des autres \u00e9coles de m\u00e9decine? \u00a0\u00bb open=\u00a0\u00bbon\u00a0\u00bb _builder_version=\u00a0\u00bb4.18.0&Prime; _module_preset=\u00a0\u00bbdefault\u00a0\u00bb global_colors_info=\u00a0\u00bb{}\u00a0\u00bb]<\/p>\n<p class=\"p1\">Oui et non. M\u00eame si elle est devenue la premi\u00e8re universit\u00e9 autonome de m\u00e9decine du Canada en 2022, l\u2019\u00c9cole de m\u00e9decine du Nord de l&rsquo;Ontario m\u00e8ne des recherches importantes dans le Nord et produit des professionnelles et professionnels de la sant\u00e9 de calibre mondial depuis 2005. D\u00e8s juin 2022, nous avons d\u00e9cern\u00e9 838 grades \u00e0 des m\u00e9decins dont 65 sont Autochtones et 171 francophones. Plus de la moiti\u00e9 sont rest\u00e9s dans le Nord de l&rsquo;Ontario. En outre, 769 m\u00e9decins ont suivi une formation dans nos programmes de r\u00e9sidence, et <span class=\"s1\">178 di\u00e9t\u00e9tistes ont obtenu des qualifications ici.<\/span> Nous estimons qu\u2019environ 340 000 personnes ont b\u00e9n\u00e9fici\u00e9 de l\u2019aide d\u2019une dipl\u00f4m\u00e9e ou d\u2019un dipl\u00f4m\u00e9s de l&rsquo;Universit\u00e9 de l&rsquo;EMNO jusqu\u2019\u00e0 pr\u00e9sent.<\/p>\n<p>[\/et_pb_accordion_item][et_pb_accordion_item title=\u00a0\u00bbQ. : La population \u00e9tudiante ne peut-elle pas payer ses \u00e9tudes? \u00a0\u00bb _builder_version=\u00a0\u00bb4.18.0&Prime; _module_preset=\u00a0\u00bbdefault\u00a0\u00bb global_colors_info=\u00a0\u00bb{}\u00a0\u00bb open=\u00a0\u00bboff\u00a0\u00bb]<\/p>\n<p class=\"p1\">L\u2019Universit\u00e9 de l&rsquo;EMNO a \u00e9t\u00e9 \u00e9tablie dans le but de r\u00e9gler la p\u00e9nurie de m\u00e9decins dans le Nord de l&rsquo;Ontario. Elle est d\u00e9centralis\u00e9e, ce qui signifie que nous limitons les d\u00e9penses en immobilisations et nous concentrons plut\u00f4t sur l\u2019immersion de notre population \u00e9tudiante dans les communaut\u00e9s de la r\u00e9gion. Nous attaquons de front le probl\u00e8me de l\u2019injustice des soins dans les communaut\u00e9s autochtones, et pour ce faire, nous admettons le plus fort taux d\u2019\u00e9tudiantes et \u00e9tudiants autochtones du pays.<span class=\"Apple-converted-space\">  <\/span>En fait, nous avons aussi \u00e9tabli le premier Centre pour la responsabilit\u00e9 sociale du Canada. Au moyen du leadership strat\u00e9gique et de la d\u00e9fense des int\u00e9r\u00eats, de la recherche et de l\u2019innovation ainsi que de la formation en m\u00e9decine bien align\u00e9e sur les besoins communautaires, le Centre se met en premi\u00e8re ligne de l\u2019am\u00e9lioration durable de l\u2019\u00e9quit\u00e9, de l\u2019acc\u00e8s et des r\u00e9sultats pour la sant\u00e9.<\/p>\n<p>[\/et_pb_accordion_item][et_pb_accordion_item title=\u00a0\u00bbQ. : Je vis dans le Sud de l\u2019Ontario. En quoi ce probl\u00e8me me touche-t-il? \u00a0\u00bb _builder_version=\u00a0\u00bb4.18.0&Prime; _module_preset=\u00a0\u00bbdefault\u00a0\u00bb global_colors_info=\u00a0\u00bb{}\u00a0\u00bb open=\u00a0\u00bboff\u00a0\u00bb]<\/p>\n<p class=\"p1\">Notre population \u00e9tudiante peut souscrire des pr\u00eats bancaires importants pour couvrir les co\u00fbts de la formation en m\u00e9decine. Cependant, beaucoup de nos \u00e9tudiantes et \u00e9tudiants qui s\u2019installent<span class=\"Apple-converted-space\">  <\/span>dans le Nord gagnent en fin de compte moins d\u2019argent que leurs homologues du Sud. Les m\u00e9decins du Nord doivent \u00ab s\u2019occuper de tout \u00bb mais ont la m\u00eame structure de facturation que ceux des r\u00e9gions urbaines denses o\u00f9 des ressources m\u00e9dicales compl\u00e9mentaires all\u00e8gent leur charge de soins. Un moyen d\u2019inciter les m\u00e9decins \u00e0 rester dans le Nord est de les aider \u00e0 couvrir le co\u00fbt de nos programmes.<\/p>\n<p>[\/et_pb_accordion_item][et_pb_accordion_item title=\u00a0\u00bbQ. : Je vis dans le Sud de l\u2019Ontario. En quoi ce probl\u00e8me me touche-t-il? \u00a0\u00bb _builder_version=\u00a0\u00bb4.18.0&Prime; _module_preset=\u00a0\u00bbdefault\u00a0\u00bb global_colors_info=\u00a0\u00bb{}\u00a0\u00bb open=\u00a0\u00bboff\u00a0\u00bb]<\/p>\n<p class=\"p1\">L\u2019injustice en sant\u00e9 s\u00e9vit aussi chez vous. En ce moment, la crise dans les soins de sant\u00e9 touche des milliers d\u2019Ontariennes et Ontariens. Le Nord a un besoin criant de plus de 350 m\u00e9decins et d\u2019autres professionnelles et professionnels de la sant\u00e9. C\u2019est le probl\u00e8me permanent et multig\u00e9n\u00e9rationnel d\u2019une sombre v\u00e9rit\u00e9 : la population du Nord de l&rsquo;Ontario est toujours plus malade et vit moins longtemps que celle du Sud. Nous avons les plus forts taux de toxicomanies, de troubles mentaux, de cardiopathies, de cancer et de diab\u00e8te de la province.<span class=\"Apple-converted-space\">  <\/span>Et en plus de l\u2019ins\u00e9curit\u00e9 alimentaire, des avis de faire bouillir l\u2019eau et des probl\u00e8mes d\u2019infrastructure, cette injustice sanitaire rampante est amplifi\u00e9e dans les communaut\u00e9s des Premi\u00e8res Nations. C\u2019est une question de justice sociale dans laquelle chacun de nous \u00e0 un r\u00f4le \u00e0 jouer.<\/p>\n<p>[\/et_pb_accordion_item][\/et_pb_accordion][\/et_pb_column][\/et_pb_row][\/et_pb_section]<\/p>\n","protected":false},"excerpt":{"rendered":"<p>L\u2019avenirest pr\u00eat \u00e0 vous recevoirUne crise des soins de sant\u00e9 s\u00e9vit dans le Nord de l&rsquo;Ontario. La population du Nord de l&rsquo;Ontario, environ 800 000 \u00e2mes, a besoin en ce moment de plus de 350 m\u00e9decins pour r\u00e9gler des p\u00e9nuries imm\u00e9diate. C\u2019est difficile \u00e0 imaginer, mais statistiquement, les gens du Nord vivent moins longtemps et [&hellip;]<\/p>\n","protected":false},"author":2,"featured_media":0,"parent":0,"menu_order":0,"comment_status":"closed","ping_status":"closed","template":"","meta":{"_et_pb_use_builder":"on","_et_pb_old_content":"","_et_gb_content_width":"","_themeisle_gutenberg_block_has_review":false,"footnotes":""},"class_list":["post-163","page","type-page","status-publish","hentry"],"_links":{"self":[{"href":"https:\/\/future.nosm.ca\/fr\/wp-json\/wp\/v2\/pages\/163","targetHints":{"allow":["GET"]}}],"collection":[{"href":"https:\/\/future.nosm.ca\/fr\/wp-json\/wp\/v2\/pages"}],"about":[{"href":"https:\/\/future.nosm.ca\/fr\/wp-json\/wp\/v2\/types\/page"}],"author":[{"embeddable":true,"href":"https:\/\/future.nosm.ca\/fr\/wp-json\/wp\/v2\/users\/2"}],"replies":[{"embeddable":true,"href":"https:\/\/future.nosm.ca\/fr\/wp-json\/wp\/v2\/comments?post=163"}],"version-history":[{"count":7,"href":"https:\/\/future.nosm.ca\/fr\/wp-json\/wp\/v2\/pages\/163\/revisions"}],"predecessor-version":[{"id":201,"href":"https:\/\/future.nosm.ca\/fr\/wp-json\/wp\/v2\/pages\/163\/revisions\/201"}],"wp:attachment":[{"href":"https:\/\/future.nosm.ca\/fr\/wp-json\/wp\/v2\/media?parent=163"}],"curies":[{"name":"wp","href":"https:\/\/api.w.org\/{rel}","templated":true}]}}